{"id":1102,"date":"2023-05-08T13:14:58","date_gmt":"2023-05-08T11:14:58","guid":{"rendered":"https:\/\/md3system.com\/?page_id=1102"},"modified":"2023-05-08T13:18:08","modified_gmt":"2023-05-08T11:18:08","slug":"versandkosten-zahlungsinformationen","status":"publish","type":"page","link":"https:\/\/md3system.com\/de\/versandkosten-zahlungsinformationen\/","title":{"rendered":"Versandkosten &amp; Zahlungsinformationen"},"content":{"rendered":"\t\t<div data-elementor-type=\"wp-page\" data-elementor-id=\"1102\" class=\"elementor elementor-1102\">\n\t\t\t\t\t\t\t\t\t<section class=\"elementor-section elementor-top-section elementor-element elementor-element-3f51e15 elementor-section-boxed elementor-section-height-default elementor-section-height-default\" data-id=\"3f51e15\" data-element_type=\"section\">\n\t\t\t\t\t\t<div class=\"elementor-container elementor-column-gap-default\">\n\t\t\t\t\t<div class=\"elementor-column elementor-col-100 elementor-top-column elementor-element elementor-element-cc63df3\" data-id=\"cc63df3\" data-element_type=\"column\">\n\t\t\t<div class=\"elementor-widget-wrap elementor-element-populated\">\n\t\t\t\t\t\t\t\t<div class=\"elementor-element elementor-element-1eba360 elementor-widget elementor-widget-text-editor\" data-id=\"1eba360\" data-element_type=\"widget\" data-widget_type=\"text-editor.default\">\n\t\t\t\t<div class=\"elementor-widget-container\">\n\t\t\t\t\t\t\t<p><b>Zahlarten und Versandinformationen<\/b><br \/><br \/><u>1. Zahlungsm\u00f6glichkeiten<\/u><br \/><br \/>1.1. F\u00fcr Lieferungen innerhalb Deutschlands bieten wir folgende Zahlungsm\u00f6glichkeiten an, sofern in der jeweiligen Produktdarstellung im Angebot nichts anderes bestimmt ist:<br \/><br \/>&#8211; SEPA-Bankeinzug(Lastschrift)<br \/><br \/>&#8211; Paypal<br \/><br \/>&#8211; Paypal Express<br \/><br \/>&#8211; Barzahlung bei Abholung<br \/><br \/>&#8211; Kreditkarte<br \/><br \/>1.2. \u200bF\u00fcr Lieferungen ins Ausland bieten wir folgende Zahlungsm\u00f6glichkeiten an, sofern in der jeweiligen Produktdarstellung im Angebot nichts anderes bestimmt ist:\u00a0<br \/><br \/>&#8211; SEPA-Bankeinzug(Lastschrift)<br \/><br \/>&#8211; Paypal<br \/><br \/>&#8211; Paypal Express<br \/><br \/>&#8211; Kreditkarte<br \/><br \/><u>2. Lieferung<\/u><br \/><br \/>2.1. Der Versand Ihrer Bestellung erfolgt \u00fcber\u00a0Deutsche Post, DPD, DHL, DHL Express, UPS, GLS<br \/><br \/>2.2. Wir versenden in folgende L\u00e4nder: Deutschland, Europ\u00e4ische Union, weltweit<br \/><br \/><u>3. Versandkosten<\/u><br \/><br \/>3.1. F\u00fcr den Versand innerhalb Deutschlands berechnen wir pauschal pro Bestellung 7,00\u00a0EUR Versandkosten.<br \/><br \/>3.2. F\u00fcr den Versand ins europ\u00e4ische Ausland fallen pauschal pro Bestellung folgende Versandkosten an:<br \/>16,00 EUR<\/p><p>3.3. F\u00fcr den weltweiten Versand fallen pauschal pro Bestellung folgende Versandkosten an:<br \/>46,00 EUR<\/p><p>3.4. Bei grenz\u00fcberschreitenden Lieferungen k\u00f6nnen weitere Steuern (etwa im Fall eines innergemeinschaftlichen Erwerbs) und\/oder Abgaben, etwa in Form von Z\u00f6llen anfallen. Diese sind von Ihnen zu tragen.<br \/><br \/><\/p>\t\t\t\t\t\t<\/div>\n\t\t\t\t<\/div>\n\t\t\t\t\t<\/div>\n\t\t<\/div>\n\t\t\t\t\t\t\t<\/div>\n\t\t<\/section>\n\t\t\t\t\t\t\t<\/div>\n\t\t","protected":false},"excerpt":{"rendered":"<p>Zahlarten und Versandinformationen 1. Zahlungsm\u00f6glichkeiten 1.1. F\u00fcr Lieferungen innerhalb Deutschlands bieten wir folgende Zahlungsm\u00f6glichkeiten an, sofern in der jeweiligen Produktdarstellung im Angebot nichts anderes bestimmt ist: &#8211; SEPA-Bankeinzug(Lastschrift) &#8211; Paypal &#8211; Paypal Express &#8211; Barzahlung bei Abholung &#8211; Kreditkarte 1.2. \u200bF\u00fcr Lieferungen ins Ausland bieten wir folgende Zahlungsm\u00f6glichkeiten an, sofern in der jeweiligen Produktdarstellung im [&hellip;]<\/p>\n","protected":false},"author":1,"featured_media":0,"parent":0,"menu_order":0,"comment_status":"closed","ping_status":"closed","template":"","meta":{"footnotes":""},"class_list":["post-1102","page","type-page","status-publish","hentry"],"_links":{"self":[{"href":"https:\/\/md3system.com\/de\/wp-json\/wp\/v2\/pages\/1102","targetHints":{"allow":["GET"]}}],"collection":[{"href":"https:\/\/md3system.com\/de\/wp-json\/wp\/v2\/pages"}],"about":[{"href":"https:\/\/md3system.com\/de\/wp-json\/wp\/v2\/types\/page"}],"author":[{"embeddable":true,"href":"https:\/\/md3system.com\/de\/wp-json\/wp\/v2\/users\/1"}],"replies":[{"embeddable":true,"href":"https:\/\/md3system.com\/de\/wp-json\/wp\/v2\/comments?post=1102"}],"version-history":[{"count":4,"href":"https:\/\/md3system.com\/de\/wp-json\/wp\/v2\/pages\/1102\/revisions"}],"predecessor-version":[{"id":1108,"href":"https:\/\/md3system.com\/de\/wp-json\/wp\/v2\/pages\/1102\/revisions\/1108"}],"wp:attachment":[{"href":"https:\/\/md3system.com\/de\/wp-json\/wp\/v2\/media?parent=1102"}],"curies":[{"name":"wp","href":"https:\/\/api.w.org\/{rel}","templated":true}]}}