{"id":1071,"date":"2023-05-08T11:49:25","date_gmt":"2023-05-08T09:49:25","guid":{"rendered":"https:\/\/md3system.com\/?page_id=1071"},"modified":"2023-05-08T11:50:22","modified_gmt":"2023-05-08T09:50:22","slug":"agb","status":"publish","type":"page","link":"https:\/\/md3system.com\/de\/agb\/","title":{"rendered":"AGB"},"content":{"rendered":"\t\t<div data-elementor-type=\"wp-page\" data-elementor-id=\"1071\" class=\"elementor elementor-1071\">\n\t\t\t\t\t\t\t\t\t<section class=\"elementor-section elementor-top-section elementor-element elementor-element-14e4b4c elementor-section-boxed elementor-section-height-default elementor-section-height-default\" data-id=\"14e4b4c\" data-element_type=\"section\">\n\t\t\t\t\t\t<div class=\"elementor-container elementor-column-gap-default\">\n\t\t\t\t\t<div class=\"elementor-column elementor-col-100 elementor-top-column elementor-element elementor-element-870429b\" data-id=\"870429b\" data-element_type=\"column\">\n\t\t\t<div class=\"elementor-widget-wrap elementor-element-populated\">\n\t\t\t\t\t\t\t\t<div class=\"elementor-element elementor-element-85570dd elementor-widget elementor-widget-text-editor\" data-id=\"85570dd\" data-element_type=\"widget\" data-widget_type=\"text-editor.default\">\n\t\t\t\t<div class=\"elementor-widget-container\">\n\t\t\t\t\t\t\t<b>Allgemeine Gesch\u00e4ftsbedingungen mit Kundeninformationen<\/b><br\/>\n<br\/>\n\u00a01. Geltungsbereich<br\/>\n\u00a02. Vertragsschluss<br\/>\n\u00a03. Widerrufsrecht<br\/>\n\u00a04. Einl\u00f6sung von Aktionsgutscheinen<br\/>\n\u00a05. Preise und Zahlungsbedingungen<br\/>\n\u00a06. Liefer- und Versandkosten<br\/>\n\u00a07. Eigentumsvorbehalt<br\/>\n\u00a08. M\u00e4ngelhaftung<br\/>\n\u00a09. Freistellung bei Verletzung von Drittrechten<br\/>\n\u00a010. Anwendbares Recht<br\/>\n\u00a011. Gerichtsstand<br\/>\n\u00a012. Informationen zur Online-Streitbeilegung<br\/>\n<br\/>\n<u>1. Geltungsbereich<\/u><br\/>\n<br\/>\n1.1. Diese Allgemeinen Gesch\u00e4ftsbedingungen (nachfolgend &#8220;AGB&#8221; genannt) der &#8220;Pela-Scholz \/ Scholz GbR&#8221; (nachfolgend &#8220;Verk\u00e4ufer&#8221; genannt), gelten f\u00fcr s\u00e4mtliche Vertr\u00e4ge, die ein Verbraucher oder Unternehmer (nachfolgend &#8220;Kunde&#8221; genannt) mit dem Verk\u00e4ufer \u00fcber die vom Verk\u00e4ufer in seinem Online-Shop angebotenen Waren abschlie\u00dft. Der Einbeziehung von eigenen Bedingungen des Kunden wird widersprochen, es sei denn, es ist etwas anderes vereinbart.<br\/>\n<br\/>\n1.2. Verbraucher ist jede nat\u00fcrliche Person, die ein Rechtsgesch\u00e4ft zu einem Zweck abschlie\u00dft, der \u00fcberwiegend weder ihrer gewerblichen noch ihrer selbst\u00e4ndigen beruflichen T\u00e4tigkeit zugerechnet werden kann.<br\/>\n<br\/>\n1.3. Unternehmer ist eine nat\u00fcrliche oder juristische Person oder eine rechtsf\u00e4hige Personengesellschaft, die bei Abschluss eines Rechtsgesch\u00e4fts in Aus\u00fcbung ihrer gewerblichen oder selbst\u00e4ndigen beruflichen T\u00e4tigkeit handelt.<br\/>\n<br\/>\n<u>2. Vertragsschluss<\/u><br\/>\n<br\/>\n2.1. Zun\u00e4chst legt der Kunde die ausgew\u00e4hlte Ware in den Warenkorb. Im anschlie\u00dfenden Schritt beginnt der Bestellvorgang, in welchem alle erforderlichen Daten zur Auftragsabwicklung erfasst werden.<br>\nAm Ende des Bestellvorgangs erscheint eine Zusammenfassung der Bestell- und Vertragsdaten. Erst nach Best\u00e4tigung dieser Bestell- und Vertragsdaten durch Klick auf den den Bestellvorgang abschlie\u00dfenden Button gibt der Kunde ein verbindliches Angebot \u00fcber den Kauf der im Warenkorb enthaltenen Waren ab.<br><br>Der Kunde kann dieses Angebot auch per Fax, Email, postalisch oder telefonisch gegen\u00fcber dem Verk\u00e4ufer abgeben.<br\/>\n<br\/>\n2.2. Die Pr\u00e4sentation der Waren insbesondere im Onlineshop stellt noch kein bindendes Angebot des Verk\u00e4ufers dar.<br\/>\n<br\/>\n2.3. W\u00e4hlt der Kunde im Rahmen des Bestellvorgangs &#8220;Lastschrift&#8221; bzw. &#8220;Bankeinzug&#8221; als Zahlungsart aus, kann der Verk\u00e4ufer das Angebot des Kunden auch dadurch annehmen, dass er den Gesamtpreis innerhalb von f\u00fcnf Tagen vom Bankkonto des Kunden einzieht, wobei insoweit der Zeitpunkt ma\u00dfgeblich ist, zu dem das Konto des Kunden belastet wird. Im \u00dcbrigen gilt Ziffer 2.3 entsprechend.<br\/>\n<br\/>\n2.4. W\u00e4hlt der Kunde f\u00fcr die Zahlung seines Einkaufs die Zahlungsart &#8220;PayPal&#8221; oder &#8220;PayPal Express&#8221; aus, gibt er mit Anklicken des den Bestellvorgang abschlie\u00dfenden Buttons sein Angebot ab. Erteilt der Kunde gleichzeitig durch Anklicken dieses Buttons auch den Zahlungsauftrag an PayPal,\u00a0erkl\u00e4rt der Verk\u00e4ufer abweichend von den obenstehenden Regelungen die Annahme des Angebotes des Kunden im Zeitpunkt der Erteilung des Zahlungsauftrages.\u00a0<br\/>\n<br\/>\n2.5. Der Vertragstext des jeweils zwischen dem Verk\u00e4ufer und dem Kunden geschlossenen Vertrages wird durch den Verk\u00e4ufer gespeichert. Der Vertragstext wird auf den internen Systemen des Verk\u00e4ufers gespeichert. Die Allgemeinen Gesch\u00e4ftsbedingungen kann der Kunde jederzeit auf dieser Seite einsehen. Die Bestelldaten, die Widerrufsbelehrung sowie die AGB werden dem Kunden per Email zugesendet. Nach Abschluss der Bestellung ist der Vertragstext dem Kunden \u00fcber dessen Kundenlogin kostenlos zug\u00e4nglich, sofern dieser ein Kundenkonto er\u00f6ffnet hat.\u00a0<br><br\/>\n<br\/>\n2.6. Alle get\u00e4tigten Eingaben werden vor Anklicken des Bestellbuttons angezeigt und k\u00f6nnen durch den Kunden vor Absendung der Bestellung eingesehen und durch Bet\u00e4tigung des Zur\u00fcck-Buttons des Browsers oder die \u00fcblichen Maus- und Tastaturfunktionen korrigiert werden. Daneben stehen dem Kunden, sofern verf\u00fcgbar, Buttons zur Korrektur zur Verf\u00fcgung, die entsprechend beschriftet sind.\u00a0<br><br\/>\n<br\/>\n2.7. Die Vertragssprache ist Deutsch.<br\/>\n<br\/>\n2.8. Es obliegt dem Kunden, eine korrekte Emailadresse zur Kontaktaufnahme und Abwicklung der Bestellung anzugeben, sowie die Filterfunktionen so einzustellen, dass Emails, die diese Bestellung betreffen, zugestellt werden k\u00f6nnen.\u00a0<br\/>\n<br\/>\n<u>3. Widerrufsrecht<\/u><br\/>\n<br\/>\n3.1. Ist der Kunde Verbraucher, steht ihm grunds\u00e4tzlich ein Widerrufsrecht zu.\u00a0<br\/>\n<br\/>\n3.2. F\u00fcr das Widerrufsrecht gilt die Widerrufsbelehrung des Verk\u00e4ufers.<br\/>\n<br\/>\n3.3. Verbrauchern, die zum Zeitpunkt des Vertragsschlusses keinem Mitgliedstaat der Europ\u00e4ischen Union angeh\u00f6ren und deren alleiniger Wohnsitz und Lieferadresse zum Zeitpunkt des Vertragsschlusses au\u00dferhalb der Europ\u00e4ischen Union liegen, steht kein Widerrufsrecht zu.<br\/>\n<br\/>\n<u>4. Einl\u00f6sung von Aktionsgutscheinen<\/u><br\/>\n<br\/>\n4.1. Gutscheine, die der Verk\u00e4ufer im Rahmen von (Werbe-)Aktionen mit einer bestimmten G\u00fcltigkeitsdauer unentgeltlich abgibt und der Kunden nicht k\u00e4uflich erwerben kann (&#8220;Aktionsgutscheine&#8221;), sind nur im Online-Shop des Verk\u00e4ufers und nur im vom Verk\u00e4ufer angegebenen Zeitraum einl\u00f6sbar.<br\/>\n<br\/>\n4.2. Aktionsgutscheine k\u00f6nnen nur von Verbrauchern eingel\u00f6st werden.<br\/>\n<br\/>\n4.3. Einzelne Produkte k\u00f6nnen von der Gutscheinaktion ausgeschlossen sein. <br>Die konkreten Beschr\u00e4nkungen sind gegebenenfalls dem Aktionsgutschein zu entnehmen.<br\/>\n<br\/>\n4.4. Aktionsgutscheine k\u00f6nnen nur vor Abschluss des Bestellvorgangs eingel\u00f6st werden. Eine nachtr\u00e4gliche Verrechnung erfolgt nicht.<br\/>\n<br\/>\n4.5. Pro Bestellung kann immer nur ein Aktionsgutschein eingel\u00f6st werden. Die Einl\u00f6sung von mehreren Aktionsgutscheinen in einer Bestellung ist nicht m\u00f6glich.<br\/>\n<br\/>\n4.6. Der Warenwert der jeweiligen Bestellung muss mindestens den Betrag des Aktionsgutscheins erreichen. Etwaiges Restguthaben wird vom Verk\u00e4ufer nicht erstattet.<br\/>\n<br\/>\n4.7. Sofern der Wert eines Aktionsgutscheins\u00a0zur Bezahlung der jeweiligen Bestellung nicht ausreicht, kann zur Begleichung des Differenzbetrages eine der \u00fcbrigen angebotenen Zahlungsarten verwendet werden.<br\/>\n<br\/>\n4.8. Das Guthaben eines Aktionsgutscheins wird weder ausgezahlt noch verzinst.<br\/>\n<br\/>\n4.9. Der Aktionsgutschein wird ebenfalls nicht erstattet, wenn der Kunde die mit dem Aktionsgutschein ganz oder teilweise bezahlte Ware im Rahmen seines gesetzlichen Widerrufsrechts retourniert.<br\/>\n<br\/>\n4.10. Aktionsgutscheine sind grunds\u00e4tzlich \u00fcbertragbar.\u00a0<br>Der Verk\u00e4ufer kann mit befreiender Wirkung an den Kunden, der den jeweiligen Geschenkgutschein einl\u00f6st, leisten. Dies gilt nicht, wenn der Verk\u00e4ufer Kenntnis oder grob fahrl\u00e4ssige Unkenntnis von der etwaigen Nichtberechtigung, der Gesch\u00e4ftsunf\u00e4higkeit oder der fehlenden Vertretungsberechtigung des jeweiligen Inhabers hat.\u00a0<br\/>\n<br\/>\n<u>5. Preise und Zahlungsbedingungen<\/u><br\/>\n<br\/>\n5.1. Die angezeigten Preise sind Endpreise inklusive der gesetzlichen Umsatzsteuer, wenn nichts anderes vereinbart ist.<br>Sofern zus\u00e4tzliche Versandkosten anfallen, ist dies der Produktbeschreibung zu entnehmen.<br\/>\n<br\/>\n5.2. Der Kunde kann die Zahlungsarten ausw\u00e4hlen, die im Onlineshop zur Verf\u00fcgung stehen.<br\/>\n<br\/>\n5.3. Bei Vorkasse per Bank\u00fcberweisung ist die Zahlung, wenn nichts anderes vereinbart ist, unmittelbar nach Vertragsschluss f\u00e4llig.<br\/>\n<br\/>\n5.4. Bei der Zahlung per &#8220;PayPal&#8221; erfolgt die Zahlungsabwicklung \u00fcber PayPal (Europe) S.\u00e0 r.l. et Cie, S.C.A., 22-24 Boulevard Royal, L-2449 Luxembourg. Hierf\u00fcr gelten die Nutzungsbedingungen von Paypal. Diese sind unter https:\/\/www.paypal.com\/de\/webapps\/mpp\/ua\/useragreement-full einsehbar.<br\/>\n<br\/>\n5.5. Sofern die Lieferung in das Nicht-EU-Ausland erfolgt, k\u00f6nnen weitere Z\u00f6lle, Steuern oder Geb\u00fchren vom Kunden an die dort zust\u00e4ndigen Zoll- bzw. Steuerbeh\u00f6rden oder an Kreditinstitute zu zahlen sein.<br>Dem Kunden wird empfohlen, die Einzelheiten vor der Bestellung bei den jeweiligen Einrichtungen oder Beh\u00f6rden zu erfragen.<br\/>\n<br\/>\n<u>6. Liefer- und Versandkosten<\/u><br\/>\n<br\/>\n6.1. Die Lieferung von Waren auf dem Versandweg erfolgt an die vom Kunden angegebene Lieferanschrift. Abweichend hiervon ist bei der Zahlung per PayPal die vom Kunden zum Zeitpunkt der Bezahlung bei PayPal hinterlegte Lieferanschrift ma\u00dfgeblich.<br\/>\n<br\/>\n6.2. Entstehen dem Verk\u00e4ufer aufgrund der Angabe einer falschen Lieferadresse oder eines falschen Adressaten oder anderer Umst\u00e4nde die zur Unm\u00f6glichkeit der Zustellung f\u00fchren, zus\u00e4tzliche Kosten, so sind diese von dem Kunden zu ersetzen, au\u00dfer er hat die Falschangabe oder Unm\u00f6glichkeit nicht zu vertreten. Gleiches gilt f\u00fcr den Fall, dass der Kunde vor\u00fcbergehend an der Annahme der Leistung verhindert war, es sei denn, der Verk\u00e4ufer hat ihm die Leistung vorher angemessen angek\u00fcndigt. Ausgenommen von dieser Regelung sind die Kosten der Hinsendung, wenn der Kunde sein Widerrufsrecht wirksam ausge\u00fcbt hat. Hier verbleibt es bei der gesetzlichen oder der durch den Verk\u00e4ufer getroffenen Regelung.<br><br\/>\n<br\/>\n6.3. Bei vereinbarter Selbstabholung wird der Kunde durch den Verk\u00e4ufer informiert, dass die von ihm bestellte Ware zur Abholung bereitsteht. Nach Erhalt dieser E-Mail kann der Kunde die Ware nach Absprache mit dem Verk\u00e4ufer am Sitz des Verk\u00e4ufers oder an einem vereinbarten Ort abholen. In diesem Fall entstehen keine Versandkosten.<br\/>\n<br\/>\n6.4. Gutscheine werden dem Kunden in folgender Form \u00fcberlassen:<br><ul><li>per E-Mail<\/li><li>per Download<br><\/li><li>postalisch<br><\/li><\/ul><br\/>\n<br\/>\n<u>7. Eigentumsvorbehalt<\/u><br\/>\n<br\/>\nSofern der Verk\u00e4ufer in Vorleistung tritt, bleibt die Ware bis zur vollst\u00e4ndigen Begleichung des Kaufpreises im Eigentum des Verk\u00e4ufers.<br\/>\n<br\/>\n<u>8. M\u00e4ngelhaftung<\/u><br\/>\n<br\/>\n8.1. Hinsichtlich der Gew\u00e4hrleistung gelten die Vorschriften der gesetzlichen M\u00e4ngelhaftung, soweit nichts Abweichendes vereinbart worden ist.<br\/>\n<br\/>\n8.2. Der Kunde wird gebeten, angelieferte Waren mit offensichtlichen Transportsch\u00e4den bei dem Zusteller zu reklamieren und den Verk\u00e4ufer hiervon in Kenntnis zu setzen. Die Nichtbefolgung hat keinerlei Auswirkungen auf die gesetzlichen oder vertraglichen M\u00e4ngelanspr\u00fcche des Kunden.<br\/>\n<br\/>\n<u>9. Freistellung bei Verletzung von Drittrechten<\/u><br\/>\n<br\/>\nSofern der Verk\u00e4ufer dem Kunden vertragsgem\u00e4\u00df neben der Warenlieferung auch die Verarbeitung der Ware nach bestimmten Vorgaben des Kunden schuldet, hat der Kunde sicherzustellen, dass die dem Verk\u00e4ufer von ihm zu diesem Zwecke \u00fcberlassenen Inhalte nicht die Rechte Dritter verletzen. Die Vertragsparteien\nvereinbaren, dass der Kunde den Verk\u00e4ufer von Anspr\u00fcchen Dritter in diesem Zusammenhang freistellt, au\u00dfer, er hat die Rechtsverletzung nicht zu vertreten. Zu der Freistellung geh\u00f6rt auch die \u00dcbernahme der angemessenen Kosten der notwendigen Rechtsverteidigung, einschlie\u00dflich aller Gerichts- und Anwaltskosten, in gesetzlicher H\u00f6he. Der Kunde ist verpflichtet, dem Verk\u00e4ufer bei einer Inanspruchnahme durch Dritte unverz\u00fcglich, vollst\u00e4ndig und wahrheitsgem\u00e4\u00df alle Informationen zur Verf\u00fcgung zu stellen, die f\u00fcr die Pr\u00fcfung der Anspr\u00fcche und eine Verteidigung erforderlich sind.<br\/>\n<br\/>\n<u>10. Anwendbares Recht<\/u><br\/>\n<br\/>\n10.1. Es gilt das Recht der Bundesrepublik Deutschland unter Ausschluss der Gesetze \u00fcber den internationalen Kauf beweglicher Waren.\u00a0<br>Die gesetzlichen Vorschriften zur Beschr\u00e4nkung der Rechtswahl und zur Anwendbarkeit zwingender Vorschriften insbesondere des Staates, in dem der Kunde als Verbraucher seinen gew\u00f6hnlichen Aufenthalt hat, bleiben unber\u00fchrt.<br\/>\n<br\/>\n10.2. Diese hier getroffene Rechtswahl gilt nicht im Hinblick auf das gesetzliche Widerrufsrecht bei Verbrauchern, wenn diese zum Zeitpunkt des Vertragsschlusses keinem Mitgliedstaat der Europ\u00e4ischen Union angeh\u00f6ren und deren alleiniger Wohnsitz und Lieferadresse zum Zeitpunkt des Vertragsschlusses au\u00dferhalb der Europ\u00e4ischen Union liegen.\u00a0<br\/>\n<br\/>\n<u>11. Gerichtsstand<\/u><br\/>\n<br\/>\nSofern der Kunde Kaufmann ist, eine juristische Person des \u00f6ffentlichen Rechts oder \u00f6ffentlich-rechtliches Sonderverm\u00f6gen mit Sitz im Hoheitsgebiet der Bundesrepublik Deutschland, ist der ausschlie\u00dfliche Gerichtsstand f\u00fcr alle Streitigkeiten aus diesem Vertrag der Gesch\u00e4ftssitz des Verk\u00e4ufers. <br>Sofern der Kunde seinen Sitz au\u00dferhalb des Hoheitsgebiets der Bundesrepublik Deutschland hat, ist der Gesch\u00e4ftssitz des Verk\u00e4ufers der ausschlie\u00dfliche Gerichtsstand, wenn dieser Vertrag oder Anspr\u00fcche aus diesem Vertrag der beruflichen oder gewerblichen T\u00e4tigkeit des Kunden zugerechnet werden k\u00f6nnen. <br>Dennoch ist der Verk\u00e4ufer ist in den vorgenannten F\u00e4llen auch berechtigt, das Gericht am Sitz des Kunden anzurufen.<br\/>\n<br\/>\n<u>12. Informationen zur Online-Streitbeilegung<\/u><br\/>\n<br\/>\nDie Plattform zur Online-Streitbeilegung\u00a0der\u00a0EU-Kommission ist im Internet unter folgendem Link aufrufbar: <a href='https:\/\/ec.europa.eu\/odr' target='_blank'>https:\/\/ec.europa.eu\/odr<\/a><br\/>\n<br\/>\nWir sind zur Teilnahme an einem Streitbeilegungsverfahren vor einer Verbraucherschlichtungsstelle zwar nicht verpflichtet, hierzu jedoch grunds\u00e4tzlich bereit.<br\/>\n<br\/>\n\t\t\t\t\t\t<\/div>\n\t\t\t\t<\/div>\n\t\t\t\t\t<\/div>\n\t\t<\/div>\n\t\t\t\t\t\t\t<\/div>\n\t\t<\/section>\n\t\t\t\t\t\t\t<\/div>\n\t\t","protected":false},"excerpt":{"rendered":"<p>Allgemeine Gesch\u00e4ftsbedingungen mit Kundeninformationen \u00a01. Geltungsbereich \u00a02. Vertragsschluss \u00a03. Widerrufsrecht \u00a04. Einl\u00f6sung von Aktionsgutscheinen \u00a05. Preise und Zahlungsbedingungen \u00a06. Liefer- und Versandkosten \u00a07. Eigentumsvorbehalt \u00a08. M\u00e4ngelhaftung \u00a09. Freistellung bei Verletzung von Drittrechten \u00a010. Anwendbares Recht \u00a011. Gerichtsstand \u00a012. Informationen zur Online-Streitbeilegung 1. Geltungsbereich 1.1. Diese Allgemeinen Gesch\u00e4ftsbedingungen (nachfolgend &#8220;AGB&#8221; genannt) der &#8220;Pela-Scholz \/ Scholz GbR&#8221; [&hellip;]<\/p>\n","protected":false},"author":1,"featured_media":0,"parent":0,"menu_order":0,"comment_status":"closed","ping_status":"closed","template":"","meta":{"footnotes":""},"class_list":["post-1071","page","type-page","status-publish","hentry"],"_links":{"self":[{"href":"https:\/\/md3system.com\/de\/wp-json\/wp\/v2\/pages\/1071","targetHints":{"allow":["GET"]}}],"collection":[{"href":"https:\/\/md3system.com\/de\/wp-json\/wp\/v2\/pages"}],"about":[{"href":"https:\/\/md3system.com\/de\/wp-json\/wp\/v2\/types\/page"}],"author":[{"embeddable":true,"href":"https:\/\/md3system.com\/de\/wp-json\/wp\/v2\/users\/1"}],"replies":[{"embeddable":true,"href":"https:\/\/md3system.com\/de\/wp-json\/wp\/v2\/comments?post=1071"}],"version-history":[{"count":4,"href":"https:\/\/md3system.com\/de\/wp-json\/wp\/v2\/pages\/1071\/revisions"}],"predecessor-version":[{"id":1075,"href":"https:\/\/md3system.com\/de\/wp-json\/wp\/v2\/pages\/1071\/revisions\/1075"}],"wp:attachment":[{"href":"https:\/\/md3system.com\/de\/wp-json\/wp\/v2\/media?parent=1071"}],"curies":[{"name":"wp","href":"https:\/\/api.w.org\/{rel}","templated":true}]}}